{"id":1506,"date":"2024-08-13T04:29:04","date_gmt":"2024-08-13T04:29:04","guid":{"rendered":"https:\/\/eoswd.xcaccia.it\/?page_id=1506"},"modified":"2026-01-08T12:13:22","modified_gmt":"2026-01-08T12:13:22","slug":"mesmerize","status":"publish","type":"page","link":"https:\/\/eoswd.xcaccia.it\/","title":{"rendered":"Front Page"},"content":{"rendered":"<div  data-label=\"Features\" data-id=\"features--4\" data-export-id=\"features-13-card-bordered\" data-category=\"features\" class=\"features-13 content-section content-section-spacing\" id=\"features-4\" style=\"background-color: rgb(255, 255, 255);\"><div  class=\"\"> <div  class=\"row text-center\"><div  class=\"section-title-col\" data-type=\"column\"> <h2  class=\"\">Cos\u2019\u00e8 EOS<\/h2> <p  class=\"lead\">Il sistema gestionale multi-ente che mette in rete Regioni, ASP, Istituti Zooprofilattici, Parchi, ATC e Associazioni venatorie,&nbsp;semplificando e supportando l\u2019attivit\u00e0 amministrativa del cacciatore e degli Enti.<\/p><\/div> <\/div> <div  class=\"row spaced-cols content-center-sm\" data-type=\"row\"> <div  class=\"col-sm-4\"> <div  class=\"card bordered y-move\" data-type=\"column\">  <img  decoding=\"async\" class=\"custom-image\" src=\"http:\/\/eoswd.xcaccia.it\/wp-content\/uploads\/2025\/12\/cropped-cloud.png\" title=\"cropped-cloud.png\" alt=\"\"><h4  class=\"\">WEB APPLICATION<\/h4> <p  class=\"\">Serve solo un browser. Nessuna installazione lato Ente o utente: tutto in CLOUD.<\/p> <\/div> <\/div> <div  class=\"col-sm-4\"> <div  class=\"card bordered y-move\" data-type=\"column\">  <img  decoding=\"async\" class=\"custom-image\" src=\"http:\/\/eoswd.xcaccia.it\/wp-content\/uploads\/2025\/12\/cropped-stamp.png\" title=\"cropped-stamp.png\" alt=\"\"><h4  class=\"\">GESTIONE PRATICHE COMPLETA<\/h4> <p  class=\"\">Domande, permessi, tesserini, squadre, danni, residenze, tutto online.<\/p> <\/div> <\/div> <div  class=\"col-sm-4\"> <div  class=\"card bordered y-move\" data-type=\"column\">  <img  decoding=\"async\" class=\"custom-image\" src=\"http:\/\/eoswd.xcaccia.it\/wp-content\/uploads\/2025\/12\/cropped-credit.png\" title=\"cropped-credit.png\" alt=\"\"><h4  class=\"\">PAGAMENTI INTEGRATI<\/h4> <p  class=\"\">Bollettini e pagamenti elettronici precompilati con accredito automatico.<\/p> <\/div> <\/div><\/div> <\/div><\/div><div  data-label=\"Content\" data-id=\"content--1\" data-export-id=\"content-2\" data-category=\"content\" class=\"content-2 content-section content-section-spacing\" id=\"content-1\" style=\"background-color: rgb(245, 250, 253);\"><div > <div  class=\"row middle-xs\"><div  class=\"col-sm-5 bg-image shadow-large-black\" data-bg=\"image\" style=\"background-image: url(&quot;http:\/\/eoswd.xcaccia.it\/wp-content\/uploads\/2025\/12\/cropped-unnamed-3-1-scaled-1.jpg&quot;);\"><\/div> <div  class=\"col-sm-7 full-col-left-padding full-col-right-padding\"> <div  class=\"row\"> <div  data-type=\"column\" class=\"space-bottom-small content-title-col\">  <h2  class=\"\">Vantaggi per il cacciatore<\/h2> <p  class=\"\">Un\u2019area personale dove gestire profilo, documenti, richieste e certificazioni in modo semplice e tracciabile.<\/p><\/div> <\/div> <div  class=\"row spaced-cols \" data-type=\"row\">     <div  class=\"col-xs-6\" data-type=\"column\">  <h4  class=\"\">Registrazione gratuita e creazione del profilo<\/h4><h4  class=\"\">Caricamento e archivio dei documenti personali<\/h4><h4  class=\"\">Invio domande agli Enti con documenti precompilati<\/h4><\/div><div  class=\"col-xs-6\" data-type=\"column\"> <h4  class=\"\">Pagamenti elettronici tramite bollettini digitali<\/h4><h4  class=\"\">Monitoraggio pratiche: approvata, rigettata, in attesa.<\/h4><h4  class=\"\">Download certificazione con QR code per i controlli.<\/h4><\/div><\/div><\/div> <\/div><\/div> <\/div><div  data-label=\"Content\" data-id=\"content--2\" data-export-id=\"content-3\" data-category=\"content\" class=\"content-3 content-section content-section-spacing\" id=\"content-2\" style=\"background-color: rgb(255, 255, 255);\"><div > <div  class=\"row middle-xs\"><div  class=\"col-sm-7 full-col-left-padding full-col-right-padding\"> <div  class=\"row\"><div  data-type=\"column\" class=\"space-bottom-small content-title-col\">  <h2  class=\"\">Vantaggi per l\u2019Ente<\/h2> <p  class=\"\">Console unica per gestire domande, pagamenti, squadre, abilitazioni e sotto-enti delegati.<\/p><\/div> <\/div> <div  class=\"row spaced-cols\" data-type=\"row\">     <div  class=\"col-xs-6\" data-type=\"column\">  <h4  class=\"\">Monitoraggio domande con filtri per tipo, stato e pagamento<\/h4><h4  class=\"\">Gestione squadra cinghiale con registri di battuta<\/h4><h4  class=\"\">Integrazione con piattaforme regionali tramite API<\/h4><\/div><div  class=\"col-xs-6\" data-type=\"column\">  <h4  class=\"\">Gestione sotto-enti (ATC, CAC) e ruoli operatore<\/h4><h4  class=\"\">Rilascio abilitazioni a cacciatori e operatori faunistici<\/h4><h4  class=\"\">Panoramica sintetica su domande, stato lavorazione e pagamenti<\/h4><\/div><\/div><\/div> <div  class=\"col-sm-5 bg-image shadow-large-black revert-classes-holder\" data-bg=\"image\" style=\"background-image: url(&quot;http:\/\/eoswd.xcaccia.it\/wp-content\/uploads\/2025\/12\/cropped-unnamed-4-1-scaled-1.jpg&quot;);\"><\/div><\/div> <\/div><\/div><div  data-label=\"Features\" data-id=\"features--6\" data-export-id=\"features-16\" data-category=\"features\" class=\"features-16 content-section content-section-spacing\" id=\"features-6\" style=\"background-color: rgb(255, 255, 255);\"><div  class=\"gridContainer\"> <div  class=\"row text-center\"><div  class=\"section-title-col\" data-type=\"column\"> <h2  class=\"\">Servizi &amp; Moduli EOS<\/h2> <p  class=\"lead\">Moduli configurabili per coprire tutte le necessit\u00e0 amministrative degli Enti Venatori.<\/p><\/div> <\/div> <div  class=\"row spaced-cols\" data-type=\"row\"> <div  class=\"col-xs-12 col-sm-6 space-bottom col-md-4 \"> <img  decoding=\"async\" class=\"face\" src=\"http:\/\/eoswd.xcaccia.it\/wp-content\/uploads\/2025\/12\/tve.png\" title=\"tve\" alt=\"\"> <div  data-type=\"column\" class=\"col-padding-small col-padding-small-xs description-container\"> <h4  class=\"font-500\">TESSERINO VENATORIO<\/h4> <p  class=\"\">Gestione richieste e rilasci, cartacei ed elettroniciGestione richieste e rilasci, cartacei ed elettronici<\/p> <\/div> <\/div> <div  class=\"col-xs-12 col-sm-6 space-bottom col-md-4 \"> <img  decoding=\"async\" class=\"face\" src=\"http:\/\/eoswd.xcaccia.it\/wp-content\/uploads\/2025\/12\/abilitazioni.png\" title=\"abilitazioni\" alt=\"\"> <div  data-type=\"column\" class=\"col-padding-small col-padding-small-xs description-container\"> <h4  class=\"font-500\">ABILITAZIONI<\/h4> <p  class=\"\">Specializzazioni venatorie e attivit\u00e0 di gestione faunistica.Specializzazioni venatorie e attivit\u00e0 di gestione faunistica.<\/p> <\/div> <\/div> <div  class=\"col-xs-12 col-sm-6 space-bottom col-md-4 \"> <img  decoding=\"async\" class=\"face\" src=\"http:\/\/eoswd.xcaccia.it\/wp-content\/uploads\/2025\/12\/pay.png\" title=\"pay\" alt=\"\"> <div  data-type=\"column\" class=\"col-padding-small col-padding-small-xs description-container\"> <h4  class=\"font-500\">PAGAMENTI ELETTRONICI<\/h4> <p  class=\"\">Bollettini precompilati, accredito automatico e reportistica.Bollettini precompilati, accredito automatico e reportistica.<\/p> <\/div> <\/div><div  class=\"col-xs-12 col-sm-6 space-bottom col-md-4 \"> <img  decoding=\"async\" class=\"face\" src=\"http:\/\/eoswd.xcaccia.it\/wp-content\/uploads\/2025\/12\/register.png\" title=\"register\" alt=\"\"> <div  data-type=\"column\" class=\"col-padding-small col-padding-small-xs description-container\"> <h4  class=\"font-500\">SQUADRE E REGISTRI<\/h4> <p  class=\"\">Gestione squadre cinghiale, capocaccia, verbali e registri.<\/p> <\/div> <\/div><div  class=\"col-xs-12 col-sm-6 space-bottom col-md-4 \"> <img  decoding=\"async\" class=\"face\" src=\"http:\/\/eoswd.xcaccia.it\/wp-content\/uploads\/2025\/12\/digital.png\" title=\"digital\" alt=\"\"> <div  data-type=\"column\" class=\"col-padding-small col-padding-small-xs description-container\"> <h4  class=\"font-500\">PRATICHE DIGITALI<\/h4> <p  class=\"\">Residenze, danni, nulla osta, modelli ospite e molto altro.<\/p> <\/div> <\/div><div  class=\"col-xs-12 col-sm-6 space-bottom col-md-4 \"> <img  decoding=\"async\" class=\"face\" src=\"http:\/\/eoswd.xcaccia.it\/wp-content\/uploads\/2025\/12\/anag.png\" title=\"anag\" alt=\"\"> <div  data-type=\"column\" class=\"col-padding-small col-padding-small-xs description-container\"> <h4  class=\"font-500\">ANAGRAFICA UTENTI<\/h4> <p  class=\"\">Gestione centralizzata dei profili cacciatori e operatori.<\/p> <\/div> <\/div><\/div> <\/div><\/div><div  data-label=\"Features\" data-id=\"features--7\" data-export-id=\"features-12\" data-category=\"features\" class=\"features-12 content-section content-section-spacing \" id=\"features-7\" style=\"background-color: rgb(255, 255, 255);\"><div  class=\"gridContainer\"> <div  class=\"row text-center\"><div  class=\"section-title-col\" data-type=\"column\"> <h2  class=\"\">Cosa fa EOS in pratica?<\/h2> <p  class=\"lead\"><iframe  width=\"1120\" height=\"630\" src=\"https:\/\/www.youtube.com\/embed\/6RegvdL3HCs?si=BQOGbslyLGZ1vmGb\" title=\"YouTube video player\" frameborder=\"0\" allow=\"accelerometer; autoplay; clipboard-write; encrypted-media; gyroscope; picture-in-picture; web-share\" referrerpolicy=\"strict-origin-when-cross-origin\" allowfullscreen=\"\"><\/iframe><\/p><\/div> <\/div> <div  class=\"row spaced-cols content-left-sm\" data-type=\"row\"> <div  class=\"col-sm-6\"> <div  class=\"row space-bottom\"> <div  class=\"col-sm-fit icon-column\"> <i  class=\"fa icon color2 fa-check-circle reverse round small\"><\/i> <\/div> <div  class=\"col-sm\" data-type=\"column\"> <h3  class=\"\">Addio alla burocrazia lenta<\/h3> <p  class=\"\">Elimini la compilazione manuale di moduli e tesserini cartacei, riducendo drasticamente i tempi di registrazione e il rischio di errori di trascrizione.<\/p><\/div> <\/div><\/div> <div  class=\"col-sm-6\"><div  class=\"row space-bottom\"> <div  class=\"col-sm-fit icon-column\"><i  class=\"fa icon color2 fa-check-circle reverse round small\"><\/i><\/div> <div  class=\"col-sm\" data-type=\"column\"><h3  class=\"\">Dati immediati e condivisibili<\/h3> <p  class=\"\">Le informazioni non restano chiuse in un cassetto, ma vengono trasmesse istantaneamente agli enti, accelerando le analisi statistiche e gestionali.<\/p><\/div> <\/div><\/div> <div  class=\"col-sm-6\"><div  class=\"row space-bottom\"> <div  class=\"col-sm-fit icon-column\"><i  class=\"fa icon color2 fa-check-circle reverse round small\"><\/i><\/div> <div  class=\"col-sm\" data-type=\"column\"><h3  class=\"\">Archivio storico indistruttibile<\/h3> <p  class=\"\">A differenza della carta, i dati digitali non si perdono, non si deperiscono e sono consultabili in pochi secondi tramite filtri di ricerca veloci.<\/p><\/div> <\/div><\/div> <div  class=\"col-sm-6\"><div  class=\"row space-bottom\"> <div  class=\"col-sm-fit icon-column\"><i  class=\"fa icon color2 fa-check-circle reverse round small\"><\/i><\/div> <div  class=\"col-sm\" data-type=\"column\"><h3  class=\"\">Aggiornamenti in tempo reale<\/h3> <p  class=\"\">Mentre un regolamento stampato diventa obsoleto al primo cambio di legge, il software si aggiorna automaticamente con le ultime normative vigenti.<\/p><\/div> <\/div><\/div> <\/div><\/div> <\/div><div  data-label=\"Content\" data-id=\"content--3\" data-export-id=\"content-7\" data-category=\"content\" class=\"content-7 content-section content-section-spacing\" id=\"content-3\" style=\"background-color: rgb(245, 250, 253); background-image: none;\"><div  class=\"\"> <div  class=\"row middle-sm\"><div  class=\"col-sm-6 space-bottom-xs content-right-sm\" data-type=\"column\"> <h2  class=\"\">Assistenza<\/h2>  <h4  class=\"\">Due livelli di supporto per essere sempre seguito durante ogni workflow relativo alle pratiche amministrative<\/h4><h2  class=\"\">&nbsp;&nbsp;<\/h2><h3  class=\"\">Care XValue Silver<\/h3><h4  class=\"\"><span  style=\"font-size: 17.6px;\">Supporto tecnico ordinario per sistema EOS e APP collegate\n<\/span><\/h4><h2  class=\"\">&nbsp;&nbsp;<\/h2><h3  class=\"\">Care XValue Platinum<\/h3><h4  class=\"\"><span  style=\"font-size: 17.6px;\">Supporto operativo anche sui contenuti e sulla gestione quotidiana<\/span><\/h4><\/div> <div  class=\"col-sm-6 content-right-sm\" data-type=\"column\"> <img  decoding=\"async\" class=\"shadow-large\" src=\"http:\/\/eoswd.xcaccia.it\/wp-content\/uploads\/2025\/12\/cropped-ragazza-che-ha-una-lezione-online-sul-suo-tablet-scaled-1.jpg\" title=\"ragazza-che-ha-una-lezione-online-sul-suo-tablet\" alt=\"\"><\/div> <\/div><\/div> <\/div><div  data-label=\"Content\" data-id=\"content--4\" data-export-id=\"content-8\" data-category=\"content\" class=\"content-8 content-section content-section-spacing\" id=\"content-4\" style=\"background-color: rgb(255, 255, 255); background-image: none;\"><div  class=\"\"> <div  class=\"row middle-sm\"><div  class=\"col-sm-6 space-bottom-xs space-top-xs content-left-sm\" data-type=\"column\"> <img  decoding=\"async\" class=\"shadow-large\" src=\"http:\/\/eoswd.xcaccia.it\/wp-content\/uploads\/2025\/12\/cropped-persone-ritagliate-che-svolgono-le-loro-mansioni-lavorative-nello-spazio-di-coworking-scaled-1.jpg\" title=\"Writing plans\" alt=\"\"><\/div> <div  class=\"col-sm-6 content-left-sm\" data-type=\"column\"><h2  class=\"\">Formazione<\/h2>  <h4  class=\"\"><span  style=\"font-size: 17.6px;\">Percorsi formativi per il personale dell\u2019Ente per rendere la piattaforma operativa fin da subito<\/span><\/h4><h2  class=\"\">&nbsp;&nbsp;<\/h2><h3  class=\"\">Formazione online<\/h3><h4  class=\"\">Sessione FAD per operatori, con materiale didattico dedicato<\/h4><h2  class=\"\">&nbsp;&nbsp;<\/h2><h3  class=\"\">Formazione in presenza<\/h3><h4  class=\"\">Corsi presso l\u2019Ente per il personale coinvolto nella gestione.<\/h4><\/div> <\/div><\/div> <\/div><div  data-label=\"Counters\" data-id=\"counters--2\" data-export-id=\"counters-1\" data-category=\"counters\" class=\"counters-1 content-section content-section-spacing\" id=\"counters-2\" style=\"background-color: rgb(255, 255, 255);\"><div  class=\"gridContainer\"> <div  class=\"row text-center\"><div  class=\"section-title-col\" data-type=\"column\"> <h2  class=\"\">I numeri di EOS<\/h2> <p  class=\"lead\">Il nostro successo si basa su cifre che parlano chiaro sulla qualit\u00e0. In pochi anni, abbiamo raggiunto molti clienti soddisfatti in tutta Italia, che riescono a gestire oltre 60.000 utenti in poco tempo. Questi numeri non sono solo statistiche: rappresentano la fiducia della nostra clientela e l\u2019impatto che stiamo creando nel settore.<\/p><\/div> <\/div> <div  class=\"row spaced-cols\" data-type=\"row\" data-fixed=\"true\"> <div  class=\"col-xs-12 col-sm-4 space-bottom-small col-padding-xs col-md-6\"> <div  class=\"circle-counter color1\"> <svg  class=\"circle-svg\" viewBox=\"0 0 100 100\"> <circle  r=\"48\" stroke-linecap=\"round\" cx=\"50\" cy=\"50\" fill=\"transparent\" stroke-dasharray=\"301.6\" stroke-dashoffset=\"301.6px\"><\/circle> <circle  class=\"circle-bar\" r=\"48\" stroke-linecap=\"round\" cx=\"50\" cy=\"50\" fill=\"transparent\" stroke-dasharray=\"301.6\" stroke-dashoffset=\"301.6px\" style=\"stroke-dashoffset: 0px;\"><\/circle><\/svg> <div  class=\"circle-content\"><h2  class=\"font-100\" data-min=\"0\" data-max=\"55\" data-stop=\"55\" data-prefix=\"\" data-suffix=\"\" data-countup=\"true\" data-duration=\"5000\"><\/h2> <p >Clienti in Italia\n<br >(ATC, Parchi, Regioni, ecc.)<\/p><\/div> <\/div><\/div> <div  class=\"col-xs-12 col-sm-4 space-bottom-small col-padding-xs col-md-6\"><div  class=\"circle-counter color2\"> <svg  class=\"circle-svg\" viewBox=\"0 0 100 100\"><circle  r=\"48\" stroke-linecap=\"round\" cx=\"50\" cy=\"50\" fill=\"transparent\" stroke-dasharray=\"301.6\" stroke-dashoffset=\"301.6px\"><\/circle> <circle  class=\"circle-bar\" r=\"48\" stroke-linecap=\"round\" cx=\"50\" cy=\"50\" fill=\"transparent\" stroke-dasharray=\"301.6\" stroke-dashoffset=\"301.6px\" style=\"stroke-dashoffset: 0px;\"><\/circle><\/svg> <div  class=\"circle-content\"><h2  class=\"font-100\" data-min=\"0\" data-max=\"120000\" data-stop=\"120000\" data-prefix=\"\" data-suffix=\"\" data-countup=\"true\" data-duration=\"5000\"><\/h2> <p >Utenti finali<\/p><\/div> <\/div><\/div>  <\/div><\/div> <\/div><div  data-label=\"Contact\" data-id=\"contact--1\" data-export-id=\"contact-1\" data-category=\"contact\" class=\"contact-1 content-section content-section-spacing white-text\" data-parallax-depth=\"20\" id=\"contact-1\" style=\"background-color: rgb(255, 255, 255); background-image: url(&quot;http:\/\/eoswd.xcaccia.it\/wp-content\/uploads\/2025\/12\/unnamed_imgupscaler.ai_Beta_2K.jpg&quot;); background-size: cover; background-position: center top;\"><div  class=\"\"> <div  class=\"row text-center\"><div  class=\"section-title-col\" data-type=\"column\"> <h2  class=\"\">Desideri maggiori informazioni?<\/h2> <p  class=\"lead\">Utilizza il form per sottoporci le tue esigenze. Ti forniremo tutte le specifiche sulle funzionalit\u00e0 delle nostre piattaforme per il settore ambientale e venatorio, aiutandoti a individuare la soluzione pi\u00f9 adatta alle tue necessit\u00e0 operative.<\/p><\/div> <\/div> <div  class=\"row text-center\"> <div  class=\"col-xs-12 col-sm-8 col-sm-offset-2 contact-form-wrapper inline-info\"> <div  class=\"card large-padding\"> <div  class=\"\" data-content-shortcode=\"mesmerize_contact_form shortcode=&quot;contact-form-7 id=&amp;amp;quot;2d4a470&amp;amp;quot; title=&amp;amp;quot;Modulo di contatto 1&amp;amp;quot;&quot;\" data-editable=\"true\">\n<div class=\"wpcf7 no-js\" id=\"wpcf7-f2655-o1\" lang=\"it-IT\" dir=\"ltr\" data-wpcf7-id=\"2655\">\n<div class=\"screen-reader-response\"><p role=\"status\" aria-live=\"polite\" aria-atomic=\"true\"><\/p> <ul><\/ul><\/div>\n<form action=\"\/index.php?rest_route=%2Fwp%2Fv2%2Fpages%2F1506#wpcf7-f2655-o1\" method=\"post\" class=\"wpcf7-form init\" aria-label=\"Modulo di contatto\" novalidate=\"novalidate\" data-status=\"init\">\n<fieldset class=\"hidden-fields-container\"><input type=\"hidden\" name=\"_wpcf7\" value=\"2655\" \/><input type=\"hidden\" name=\"_wpcf7_version\" value=\"6.1.5\" \/><input type=\"hidden\" name=\"_wpcf7_locale\" value=\"it_IT\" \/><input type=\"hidden\" name=\"_wpcf7_unit_tag\" value=\"wpcf7-f2655-o1\" \/><input type=\"hidden\" name=\"_wpcf7_container_post\" value=\"0\" \/><input type=\"hidden\" name=\"_wpcf7_posted_data_hash\" value=\"\" \/>\n<\/fieldset>\n<p><label> Il tuo nome (richiesto)<br \/>\n<span class=\"wpcf7-form-control-wrap\" data-name=\"your-name\"><input size=\"40\" maxlength=\"400\" class=\"wpcf7-form-control wpcf7-text wpcf7-validates-as-required\" aria-required=\"true\" aria-invalid=\"false\" value=\"\" type=\"text\" name=\"your-name\" \/><\/span> <\/label>\n<\/p>\n<p><label> La tua email (richiesto)<br \/>\n<span class=\"wpcf7-form-control-wrap\" data-name=\"your-email\"><input size=\"40\" maxlength=\"400\" class=\"wpcf7-form-control wpcf7-email wpcf7-validates-as-required wpcf7-text wpcf7-validates-as-email\" aria-required=\"true\" aria-invalid=\"false\" value=\"\" type=\"email\" name=\"your-email\" \/><\/span> <\/label>\n<\/p>\n<p><label> Oggetto (richiesto)<br \/>\n<span class=\"wpcf7-form-control-wrap\" data-name=\"your-subject\"><input size=\"40\" maxlength=\"400\" class=\"wpcf7-form-control wpcf7-text wpcf7-validates-as-required\" aria-required=\"true\" aria-invalid=\"false\" value=\"\" type=\"text\" name=\"your-subject\" \/><\/span> <\/label>\n<\/p>\n<p><label> Il tuo messaggio (richiesto)<br \/>\n<span class=\"wpcf7-form-control-wrap\" data-name=\"your-message\"><textarea cols=\"40\" rows=\"10\" maxlength=\"2000\" class=\"wpcf7-form-control wpcf7-textarea wpcf7-validates-as-required\" aria-required=\"true\" aria-invalid=\"false\" name=\"your-message\"><\/textarea><\/span> <\/label>\n<\/p>\n<p align=\"center\"><br \/>\n<span class=\"wpcf7-form-control-wrap\" data-name=\"acceptance-426\"><span class=\"wpcf7-form-control wpcf7-acceptance\"><span class=\"wpcf7-list-item\"><input type=\"checkbox\" name=\"acceptance-426\" value=\"1\" aria-invalid=\"false\" \/><\/span><\/span><\/span><label> Acconsento al trattamento dei miei dati personali ai sensi della <u><a href=\"https:\/\/www.xvalue.it\/privacy\/\" target=\"_blank\">vigente normativa<\/a><\/u><\/label>\n<\/p>\n<p><input class=\"wpcf7-form-control wpcf7-submit has-spinner\" type=\"submit\" value=\"Invia\" \/>\n<\/p><div class=\"wpcf7-response-output\" aria-hidden=\"true\"><\/div>\n<\/form>\n<\/div>\n<\/div><\/div> <\/div><\/div> <\/div><\/div>","protected":false},"excerpt":{"rendered":"<p>Cos\u2019\u00e8 EOS Il sistema gestionale multi-ente che mette in rete Regioni, ASP, Istituti Zooprofilattici, Parchi, ATC e Associazioni venatorie,&nbsp;semplificando e supportando l\u2019attivit\u00e0 amministrativa del cacciatore e degli Enti. WEB APPLICATION Serve solo un browser. Nessuna installazione lato Ente o utente: tutto in CLOUD. GESTIONE PRATICHE COMPLETA Domande, permessi, tesserini, squadre, danni, residenze, tutto online. PAGAMENTI&hellip; <br \/> <a class=\"read-more\" href=\"https:\/\/eoswd.xcaccia.it\/\">Leggi tutto<\/a><\/p>\n","protected":false},"author":1,"featured_media":0,"parent":0,"menu_order":0,"comment_status":"closed","ping_status":"closed","template":"page-templates\/homepage.php","meta":{"_joinchat":[],"footnotes":""},"class_list":["post-1506","page","type-page","status-publish","hentry"],"_links":{"self":[{"href":"https:\/\/eoswd.xcaccia.it\/index.php?rest_route=\/wp\/v2\/pages\/1506","targetHints":{"allow":["GET"]}}],"collection":[{"href":"https:\/\/eoswd.xcaccia.it\/index.php?rest_route=\/wp\/v2\/pages"}],"about":[{"href":"https:\/\/eoswd.xcaccia.it\/index.php?rest_route=\/wp\/v2\/types\/page"}],"author":[{"embeddable":true,"href":"https:\/\/eoswd.xcaccia.it\/index.php?rest_route=\/wp\/v2\/users\/1"}],"replies":[{"embeddable":true,"href":"https:\/\/eoswd.xcaccia.it\/index.php?rest_route=%2Fwp%2Fv2%2Fcomments&post=1506"}],"version-history":[{"count":143,"href":"https:\/\/eoswd.xcaccia.it\/index.php?rest_route=\/wp\/v2\/pages\/1506\/revisions"}],"predecessor-version":[{"id":2696,"href":"https:\/\/eoswd.xcaccia.it\/index.php?rest_route=\/wp\/v2\/pages\/1506\/revisions\/2696"}],"wp:attachment":[{"href":"https:\/\/eoswd.xcaccia.it\/index.php?rest_route=%2Fwp%2Fv2%2Fmedia&parent=1506"}],"curies":[{"name":"wp","href":"https:\/\/api.w.org\/{rel}","templated":true}]}}